{"id":40,"date":"2020-12-08T15:57:09","date_gmt":"2020-12-08T13:57:09","guid":{"rendered":"http:\/\/tul-kopio.16.testivedos.com\/jarvi-suomi\/?page_id=40"},"modified":"2024-08-19T11:46:45","modified_gmt":"2024-08-19T08:46:45","slug":"yhteystiedot","status":"publish","type":"page","link":"https:\/\/tul.fi\/varsinaissuomi\/yhteystiedot\/","title":{"rendered":"Yhteystiedot"},"content":{"rendered":"\n<h2 class=\"wp-block-heading\">Yleiset yhteystiedot<\/h2>\n\n\n\n<div class=\"wp-block-columns is-layout-flex wp-container-core-columns-is-layout-9d6595d7 wp-block-columns-is-layout-flex\">\n<div class=\"wp-block-column is-layout-flow wp-block-column-is-layout-flow\">\n<p><strong>TUL:n Varsinais-Suomen piiri ry<\/strong><\/p>\n\n\n\n<p>Humalistonkatu 6, 5. krs<br>20100 Turku<br>kimmo.kamppila(at)tul.fi<br>041 547 5423<\/p>\n<\/div>\n\n\n\n<div class=\"wp-block-column is-layout-flow wp-block-column-is-layout-flow\">\n<p><strong>Kimmo Kamppila<br><\/strong>Toiminnanjohtaja<\/p>\n<\/div>\n<\/div>\n\n\n\n<h2 class=\"wp-block-heading\">Laskutustiedot<\/h2>\n\n\n\n<p><strong>1. Laskut verkkolaskuina<\/strong><\/p>\n\n\n\n<p><strong>Yrityksemme tiedot<\/strong><\/p>\n\n\n\n<p>Yritys: Suomen Ty\u00f6v\u00e4en Urheiluliitto TUL ry:n Varsinais-Suomen piiri ry<\/p>\n\n\n\n<p>Y-tunnus: 0282580-7<\/p>\n\n\n\n<p>Verkkolaskuosoite: 003702825807<\/p>\n\n\n\n<p><strong>V\u00e4litystiedot\/Verkkolaskuoperaattori<\/strong><\/p>\n\n\n\n<p>V\u00e4litt\u00e4j\u00e4\/Verkkolaskuoperaattori: Maventa<\/p>\n\n\n\n<p>V\u00e4litt\u00e4j\u00e4tunnus: 003721291126<\/p>\n\n\n\n<p>V\u00e4litt\u00e4j\u00e4tunnus pankkiverkosta l\u00e4hetett\u00e4ess\u00e4: DABAFIHH<\/p>\n\n\n\n<p><strong>2. Laskut s\u00e4hk\u00f6postitse skannauspalveluun<\/strong><\/p>\n\n\n\n<p>PDF-muotoiset laskut voi l\u00e4hett\u00e4\u00e4 osoitteella: 02825807@scan.netvisor.fi<\/p>\n\n\n\n<div class=\"wp-block-columns is-layout-flex wp-container-core-columns-is-layout-9d6595d7 wp-block-columns-is-layout-flex\">\n<div class=\"wp-block-column is-layout-flow wp-block-column-is-layout-flow\">\n<h3 class=\"wp-block-heading\">Hallitus<\/h3>\n\n\n\n<p><strong>Puheenjohtaja<\/strong><br>Pirjo&nbsp;Ailanto&nbsp;(PiKe)<br>pailanto(at)saunalahti.fi<br>0500 740 025<\/p>\n\n\n\n<p><strong>Varapuheenjohtaja<\/strong><br>Harry Lankinen (TuWe)<br>harry.lankinen(at)turunweikot.fi<br>040 771 3379<\/p>\n<\/div>\n\n\n\n<div class=\"wp-block-column is-layout-flow wp-block-column-is-layout-flow\">\n<h3 class=\"wp-block-heading\">J\u00e4senet<\/h3>\n\n\n\n<p><strong>Markku Kiili<\/strong>&nbsp;(TuJy)<br>markku.kiili(at)luukku.com<br>040 410 7661<\/p>\n\n\n\n<p><strong>Laura Lindholm<\/strong>&nbsp;(LTU)<br>lauralindholm(at)hotmail.fi<br>050 491 7711<\/p>\n\n\n\n<p><strong>Merja Loukonen&nbsp;<\/strong>(LieLu)<br>merja.loukonen(at)liedonluja.fi<br>050 3077 143<\/p>\n\n\n\n<p><strong>Virpi-Marja Niskala<\/strong>&nbsp;(TuK-T)<br>virpi-marja(at)live.com<br>041 4320 420<\/p>\n\n\n\n<p><strong>Katja Rautee<\/strong>&nbsp;(TuKV)<br>katja.tukv(at)gmail.com<br>050 552 2274<br><br><strong>Jouni Rau\u00e4ng<\/strong> (HaHe)<br>jounirauang(at)gmail.com<br>040 414 5217<br><br><strong>Sakari Vuori<\/strong>&nbsp;(KaaU)<br>sakarivuori60(at)gmail.com<br>040 845 3674<\/p>\n\n\n\n<p><strong>Sini Santala<\/strong>&nbsp;(TuTo)<br>sini.nikunen(at)tuto.fi<br>040 350 5427 <\/p>\n\n\n\n<p><strong>Timo Tammi<\/strong> (SalVil)<br>timo.tammi(at)sposti.net<br>044 518 3879<\/p>\n\n\n\n<p><\/p>\n<\/div>\n<\/div>\n","protected":false},"excerpt":{"rendered":"<p>Yleiset yhteystiedot TUL:n Varsinais-Suomen piiri ry Humalistonkatu 6, 5. krs20100 Turkukimmo.kamppila(at)tul.fi041 547 5423 Kimmo KamppilaToiminnanjohtaja Laskutustiedot 1. Laskut verkkolaskuina Yrityksemme tiedot Yritys: Suomen Ty\u00f6v\u00e4en Urheiluliitto TUL ry:n Varsinais-Suomen piiri ry Y-tunnus: 0282580-7 Verkkolaskuosoite: 003702825807 V\u00e4litystiedot\/Verkkolaskuoperaattori V\u00e4litt\u00e4j\u00e4\/Verkkolaskuoperaattori: Maventa V\u00e4litt\u00e4j\u00e4tunnus: 003721291126 V\u00e4litt\u00e4j\u00e4tunnus pankkiverkosta l\u00e4hetett\u00e4ess\u00e4: DABAFIHH 2. Laskut s\u00e4hk\u00f6postitse skannauspalveluun PDF-muotoiset laskut voi l\u00e4hett\u00e4\u00e4 osoitteella: 02825807@scan.netvisor.fi Hallitus PuheenjohtajaPirjo&nbsp;Ailanto&nbsp;(PiKe)pailanto(at)saunalahti.fi0500 [&hellip;]<\/p>\n","protected":false},"author":1,"featured_media":0,"parent":0,"menu_order":0,"comment_status":"closed","ping_status":"closed","template":"","meta":{"_acf_changed":false,"footnotes":""},"class_list":["post-40","page","type-page","status-publish","hentry"],"acf":[],"aioseo_notices":[],"_links":{"self":[{"href":"https:\/\/tul.fi\/varsinaissuomi\/wp-json\/wp\/v2\/pages\/40","targetHints":{"allow":["GET"]}}],"collection":[{"href":"https:\/\/tul.fi\/varsinaissuomi\/wp-json\/wp\/v2\/pages"}],"about":[{"href":"https:\/\/tul.fi\/varsinaissuomi\/wp-json\/wp\/v2\/types\/page"}],"author":[{"embeddable":true,"href":"https:\/\/tul.fi\/varsinaissuomi\/wp-json\/wp\/v2\/users\/1"}],"replies":[{"embeddable":true,"href":"https:\/\/tul.fi\/varsinaissuomi\/wp-json\/wp\/v2\/comments?post=40"}],"version-history":[{"count":7,"href":"https:\/\/tul.fi\/varsinaissuomi\/wp-json\/wp\/v2\/pages\/40\/revisions"}],"predecessor-version":[{"id":1131,"href":"https:\/\/tul.fi\/varsinaissuomi\/wp-json\/wp\/v2\/pages\/40\/revisions\/1131"}],"wp:attachment":[{"href":"https:\/\/tul.fi\/varsinaissuomi\/wp-json\/wp\/v2\/media?parent=40"}],"curies":[{"name":"wp","href":"https:\/\/api.w.org\/{rel}","templated":true}]}}