{"id":68,"date":"2020-12-09T21:28:53","date_gmt":"2020-12-09T19:28:53","guid":{"rendered":"http:\/\/tul-kopio.16.testivedos.com\/varsinaissuomi\/?page_id=68"},"modified":"2026-02-12T15:49:39","modified_gmt":"2026-02-12T13:49:39","slug":"toiminta","status":"publish","type":"page","link":"https:\/\/tul.fi\/varsinaissuomi\/toiminta\/","title":{"rendered":"Toiminta"},"content":{"rendered":"\n<h2 class=\"wp-block-heading\">Piirin s\u00e4\u00e4nt\u00f6m\u00e4\u00e4r\u00e4inen vuosikokous 16.4.2026<\/h2>\n\n\n\n<p>Salon Vilppaan Tupurin maja (Hiihtomajantie 11, 24100 Salo).<\/p>\n\n\n\n<p>Klo 18.00, valtakirjojen tarkastus klo 17.30 alkaen.<\/p>\n\n\n\n<p>Kokouksessa k\u00e4sitell\u00e4\u00e4n s\u00e4\u00e4nt\u00f6jen 6\u00a7:n m\u00e4\u00e4r\u00e4\u00e4m\u00e4t asiat sek\u00e4 s\u00e4\u00e4nt\u00f6jen mukaisesti tehdyt esitykset, jotka on toimitettava kirjallisesti piirihallitukselle 16.3.2026 menness\u00e4.<\/p>\n\n\n\n<p>Seurat saavat l\u00e4hett\u00e4\u00e4 kokoukseen edustajia s\u00e4\u00e4nt\u00f6jen 8\u00a7:n m\u00e4\u00e4r\u00e4\u00e4m\u00e4ll\u00e4 tavalla edellytt\u00e4en, ett\u00e4 j\u00e4senmaksu vuodelta 2025 on maksettu<strong>. <\/strong>Edustusvaltakirja toimitetaan piiritoimistoon (Humalistonkatu 6, Turku) <strong>16.3.2026 menness\u00e4.<\/strong><\/p>\n\n\n\n<p>Kokouksessa valitaan piirihallituksen j\u00e4senet erovuoroisten tilalle kaksivuotiselle kaudelle 2026\u20132028. Kaikki henkil\u00f6esitykset tulee toimittaa piiritoimistoon <strong>16.3.2026 menness\u00e4.<\/strong><\/p>\n\n\n\n<p>Kokoukseen on mahdollista osallistua paikalle p\u00e4\u00e4lle tulon lis\u00e4ksi my\u00f6s Teams-et\u00e4yhteyden kautta. Muistakaa siten t\u00e4ytt\u00e4\u00e4 oheiseen valtakirjaan edustajien s\u00e4hk\u00f6postiosoitteet kokousmateriaalin ja et\u00e4yhteyslinkin toimittamista varten.<\/p>\n\n\n\n<p>Tervetuloa piirikokoukseen!<\/p>\n\n\n\n<p>Alta l\u00f6yd\u00e4t piirikokouksen edustajien valtakirjan ja henkil\u00f6esityslomakkeen.<\/p>\n\n\n\n<p><a href=\"https:\/\/tul.fi\/varsinaissuomi\/wp-content\/uploads\/sites\/12\/2026\/02\/Piirikokousvaltakirja-lomake-2026.pdf\" target=\"_blank\" rel=\"noopener\" title=\"\">Valtakirja kokousedustajien ilmoittamiseen piirikokoukseen (palautus 16.3.2026 menness\u00e4)<\/a><\/p>\n\n\n\n<p><a href=\"https:\/\/tul.fi\/varsinaissuomi\/wp-content\/uploads\/sites\/12\/2026\/02\/Henkiloesitykset-hallitukseen-piirikokoukselle-lomake2026.pdf\" target=\"_blank\" rel=\"noopener\" title=\"\">Henkil\u00f6esitykset piirihallitukseen kaudelle 2026-2027 (palautus 16.3.2026 menness\u00e4)<\/a><\/p>\n\n\n\n<h2 class=\"wp-block-heading\">Lentopallon Talvisarja 2025-2026<\/h2>\n\n\n\n<p>Miesten A-sarjan joukkueet on jaettu kahteen lohkoon it\u00e4 (7 joukkuetta) ja l\u00e4nsi (7 joukkuetta). Miesten A-sarjassa pelatun yksinkertaisen alkusarjan j\u00e4lkeen pelataan yl\u00e4- ja alajatkosarjat, joihin kootaan joukkueet lohkoista sen hetkisen sarjasijoituksen perusteella.<\/p>\n\n\n\n<p>Uuteen yl\u00e4sarjaan otetaan kummastakin lohkosta nelj\u00e4 (4) parasta joukkuetta. N\u00e4m\u00e4 joukkueet pelaavat kaksinkertaisen jatkosarjan. Alkusarjasta otetaan mukaan joukkueiden keskin\u00e4iset pelit, muutoin pisteet nollautuvat.<a> <\/a>Uusi alajatkosarja pelataan puolestaan j\u00e4ljelle j\u00e4\u00e4neiden kuuden (6) joukkueen voimin niin ik\u00e4\u00e4n kaksinkertaisena sarjana. Alkusarjasta otetaan mukaan joukkueiden keskin\u00e4iset pelit, muutoin pisteet nollautuvat. Jatkosarjoissa ei pelata erillist\u00e4 loppusarjaa.<\/p>\n\n\n\n<p>Naisten sarja pelataan yhdeks\u00e4n (9) joukkueen kaksinkertaisena sarjana. Juniorisarjoja muodostetaan my\u00f6hemmin kauden aikana.<\/p>\n\n\n\n<p>Sarjat alkavat syksyll\u00e4 viikolla 41 ja kev\u00e4tkausi p\u00e4\u00e4ttyy huhtikuussa.<\/p>\n\n\n\n<p><strong><a href=\"https:\/\/turuntalvisarja2025-26.torneopal.fi\/\" target=\"_blank\" rel=\"noopener\" title=\"\">T\u00e4st\u00e4 Talvisarjan tulospalveluun.<\/a><\/strong><\/p>\n\n\n\n<p><\/p>\n\n\n\n<h2 class=\"wp-block-heading\">Nuoriso<\/h2>\n\n\n\n<p><a href=\"https:\/\/tul.fi\/tapahtumakalenteri\/unelmien-liikuntapaiva-turussa\/\" target=\"_blank\" rel=\"noopener\" title=\"\">Suomen suurin Unelmien liikuntap\u00e4iv\u00e4 -tapahtuma Turussa Kupittaanpuistossa ja urheiluhallissa perjantaina 8.5.2026.<\/a><\/p>\n\n\n\n<p><\/p>\n\n\n\n<h2 class=\"wp-block-heading\">Seniorit<\/h2>\n\n\n\n<p>Tervetuloa mukaan TUL:n Varsinais-Suomen piirin seniorijaoston j\u00e4rjest\u00e4miin tapahtumiin.<\/p>\n\n\n\n<p><a href=\"https:\/\/tul.fi\/varsinaissuomi\/tapahtumat\/\" target=\"_blank\" rel=\"noopener\" title=\"\">Katso lis\u00e4tietoja kev\u00e4\u00e4n tapahtumista tapahtumakalenteristamme.<\/a><\/p>\n\n\n\n<p><\/p>\n\n\n\n<h2 class=\"wp-block-heading\">Voimistelu<\/h2>\n\n\n\n<p><strong>TUL:n Varsinais-Suomen piirin avoimet JV-mestaruuskilpailut 12.4.2026 Kupittaan yleisurheiluhallissa.<\/strong><\/p>\n\n\n\n<p>Ilmoittautuminen ja lis\u00e4tiedot <a href=\"https:\/\/tul.kisanet.fi\/#\/event\/details\/4299\/summary\" target=\"_blank\" rel=\"noopener\" title=\"\">https:\/\/tul.kisanet.fi\/#\/<\/a><\/p>\n\n\n\n<p><\/p>\n\n\n\n<h2 class=\"wp-block-heading\">Yleisurheilu<\/h2>\n\n\n\n<p>Yleisurheilujaosto j\u00e4rjest\u00e4\u00e4 kev\u00e4\u00e4ll\u00e4 yleisurheilun p\u00e4iv\u00e4leirin ja syksyll\u00e4 TUL:n yleisurheilun seuraottelun Kaarinassa.<\/p>\n\n\n\n<p><\/p>\n\n\n\n<p><\/p>\n","protected":false},"excerpt":{"rendered":"<p>Piirin s\u00e4\u00e4nt\u00f6m\u00e4\u00e4r\u00e4inen vuosikokous 16.4.2026 Salon Vilppaan Tupurin maja (Hiihtomajantie 11, 24100 Salo). Klo 18.00, valtakirjojen tarkastus klo 17.30 alkaen. Kokouksessa k\u00e4sitell\u00e4\u00e4n s\u00e4\u00e4nt\u00f6jen 6\u00a7:n m\u00e4\u00e4r\u00e4\u00e4m\u00e4t asiat sek\u00e4 s\u00e4\u00e4nt\u00f6jen mukaisesti tehdyt esitykset, jotka on toimitettava kirjallisesti piirihallitukselle 16.3.2026 menness\u00e4. Seurat saavat l\u00e4hett\u00e4\u00e4 kokoukseen edustajia s\u00e4\u00e4nt\u00f6jen 8\u00a7:n m\u00e4\u00e4r\u00e4\u00e4m\u00e4ll\u00e4 tavalla edellytt\u00e4en, ett\u00e4 j\u00e4senmaksu vuodelta 2025 on maksettu. Edustusvaltakirja toimitetaan [&hellip;]<\/p>\n","protected":false},"author":1,"featured_media":0,"parent":0,"menu_order":0,"comment_status":"closed","ping_status":"closed","template":"","meta":{"_acf_changed":false,"footnotes":""},"class_list":["post-68","page","type-page","status-publish","hentry"],"acf":[],"aioseo_notices":[],"_links":{"self":[{"href":"https:\/\/tul.fi\/varsinaissuomi\/wp-json\/wp\/v2\/pages\/68","targetHints":{"allow":["GET"]}}],"collection":[{"href":"https:\/\/tul.fi\/varsinaissuomi\/wp-json\/wp\/v2\/pages"}],"about":[{"href":"https:\/\/tul.fi\/varsinaissuomi\/wp-json\/wp\/v2\/types\/page"}],"author":[{"embeddable":true,"href":"https:\/\/tul.fi\/varsinaissuomi\/wp-json\/wp\/v2\/users\/1"}],"replies":[{"embeddable":true,"href":"https:\/\/tul.fi\/varsinaissuomi\/wp-json\/wp\/v2\/comments?post=68"}],"version-history":[{"count":23,"href":"https:\/\/tul.fi\/varsinaissuomi\/wp-json\/wp\/v2\/pages\/68\/revisions"}],"predecessor-version":[{"id":1593,"href":"https:\/\/tul.fi\/varsinaissuomi\/wp-json\/wp\/v2\/pages\/68\/revisions\/1593"}],"wp:attachment":[{"href":"https:\/\/tul.fi\/varsinaissuomi\/wp-json\/wp\/v2\/media?parent=68"}],"curies":[{"name":"wp","href":"https:\/\/api.w.org\/{rel}","templated":true}]}}